{"id":15165,"date":"2021-03-17T15:51:33","date_gmt":"2021-03-17T14:51:33","guid":{"rendered":"https:\/\/www.nilobit.com\/gestione-nota-spese-e-trasferte\/"},"modified":"2021-03-17T16:06:51","modified_gmt":"2021-03-17T15:06:51","slug":"agenda-cestovnich-nahrad","status":"publish","type":"page","link":"https:\/\/www.nilobit.com\/cs\/agenda-cestovnich-nahrad\/","title":{"rendered":"Agenda cestovn\u00edch n\u00e1hrad"},"content":{"rendered":"<p><div class=\"fusion-fullwidth fullwidth-box fusion-builder-row-1 fusion-flex-container nonhundred-percent-fullwidth non-hundred-percent-height-scrolling\" style=\"background-color: rgba(255,255,255,0);background-position: center center;background-repeat: no-repeat;border-width: 0px 0px 0px 0px;border-color:#eae9e9;border-style:solid;\" ><div class=\"fusion-builder-row fusion-row fusion-flex-align-items-flex-start\" style=\"max-width:1216.8px;margin-left: calc(-4% \/ 2 );margin-right: calc(-4% \/ 2 );\"><div class=\"fusion-layout-column fusion_builder_column fusion-builder-column-0 fusion_builder_column_1_2 1_2 fusion-flex-column\"><div class=\"fusion-column-wrapper fusion-flex-justify-content-flex-start fusion-content-layout-column\" style=\"background-position:left top;background-repeat:no-repeat;-webkit-background-size:cover;-moz-background-size:cover;-o-background-size:cover;background-size:cover;padding: 0px 0px 0px 0px;\"><style type=\"text\/css\">@media only screen and (max-width:1024px) {.fusion-title.fusion-title-1{margin-top:0px!important;margin-bottom:30px!important;}}<\/style><div class=\"fusion-title title fusion-title-1 fusion-title-text fusion-title-size-one\" style=\"margin-top:0px;margin-bottom:30px;\"><div class=\"title-sep-container title-sep-container-left fusion-no-large-visibility fusion-no-medium-visibility fusion-no-small-visibility\"><div class=\"title-sep sep-\" style=\"border-color:#e0dede;\"><\/div><\/div><h1 class=\"title-heading-left\" style=\"margin:0;\">Software pro spr\u00e1vu agend pracovn\u00edch cesta a cestovn\u00edch n\u00e1hrad<\/h1><div class=\"title-sep-container title-sep-container-right\"><div class=\"title-sep sep-\" style=\"border-color:#e0dede;\"><\/div><\/div><\/div><div class=\"fusion-text fusion-text-1\" style=\"font-size:16px;color:#000000;\"><p>N\u00e1\u0161 program pro \u00fa\u010dtov\u00e1n\u00ed pracovn\u00edch cest a cestovn\u00edch n\u00e1hrad se zrodil na z\u00e1klad\u011b dlouholet\u00fdch zku\u0161enost\u00ed na\u0161eho pracovn\u00edho t\u00fdmu slo\u017een\u00e9ho z odborn\u00edk\u016f na softwarov\u00e1 \u0159e\u0161en\u00ed agendy pracovn\u00edch cest a vy\u00fa\u010dtov\u00e1n\u00ed cestovn\u00edch n\u00e1hrad.<\/p>\n<p>Krom\u011b z\u00e1kladn\u00edch funkc\u00ed, kter\u00e9 jsou nezbytn\u00e9 pro \u010dist\u011b administrativn\u00ed zpracov\u00e1n\u00ed cestovn\u00edch n\u00e1hrad, program nab\u00edz\u00ed nejr\u016fzn\u011bj\u0161\u00ed funkce a rozhran\u00ed, kter\u00e1 pom\u00e1haj\u00ed a vedou p\u0159i organizaci pracovn\u00edch cest zam\u011bstnance i dal\u0161\u00ed kompetentn\u00ed pracovn\u00edky.<\/p>\n<\/div><\/div><\/div><style type=\"text\/css\">.fusion-body .fusion-builder-column-0{width:50% !important;margin-top : 0px;margin-bottom : 20px;}.fusion-builder-column-0 > .fusion-column-wrapper {padding-top : 0px !important;padding-right : 0px !important;margin-right : 9.6%;padding-bottom : 0px !important;padding-left : 0px !important;margin-left : 19.2%;}@media only screen and (max-width:1024px) {.fusion-body .fusion-builder-column-0{width:100% !important;order : 0;}.fusion-builder-column-0 > .fusion-column-wrapper {margin-right : 1.92%;margin-left : 1.92%;}}@media only screen and (max-width:640px) {.fusion-body .fusion-builder-column-0{width:100% !important;order : 0;}.fusion-builder-column-0 > .fusion-column-wrapper {margin-right : 1.92%;margin-left : 1.92%;}}<\/style><div class=\"fusion-layout-column fusion_builder_column fusion-builder-column-1 fusion_builder_column_1_2 1_2 fusion-flex-column box-form-nota-spese box-form-prodotto\"><div class=\"fusion-column-wrapper fusion-flex-justify-content-flex-start fusion-content-layout-column\" style=\"background-image: linear-gradient(180deg, #ffffff 0%,#ffffff 100%);background-position:left top;background-repeat:no-repeat;-webkit-background-size:cover;-moz-background-size:cover;-o-background-size:cover;background-size:cover;background-color:#ffffff;padding: 10px 30px 10px 30px;\"><div class=\"header-form-prodotto header-form-nota-spese\">Po\u017e\u00e1dat o uk\u00e1zku<\/div><div role=\"form\" class=\"wpcf7\" id=\"wpcf7-f14487-o1\" lang=\"cs-CZ\" dir=\"ltr\">\n<div class=\"screen-reader-response\"><p role=\"status\" aria-live=\"polite\" aria-atomic=\"true\"><\/p> <ul><\/ul><\/div>\n<form action=\"\/cs\/wp-json\/wp\/v2\/pages\/15165#wpcf7-f14487-o1\" method=\"post\" class=\"wpcf7-form init\" novalidate=\"novalidate\" data-status=\"init\">\n<div style=\"display: none;\">\n<input type=\"hidden\" name=\"_wpcf7\" value=\"14487\" \/>\n<input type=\"hidden\" name=\"_wpcf7_version\" value=\"5.3.1\" \/>\n<input type=\"hidden\" name=\"_wpcf7_locale\" value=\"cs_CZ\" \/>\n<input type=\"hidden\" name=\"_wpcf7_unit_tag\" value=\"wpcf7-f14487-o1\" \/>\n<input type=\"hidden\" name=\"_wpcf7_container_post\" value=\"0\" \/>\n<input type=\"hidden\" name=\"_wpcf7_posted_data_hash\" value=\"\" \/>\n<input type=\"hidden\" name=\"_wpcf7_recaptcha_response\" value=\"\" \/>\n<\/div>\n<div class=\"row contact-form-prodotto\">\n<p>       <label> Produkty<br \/>\n        <span class=\"wpcf7-form-control-wrap prodotto\"><select name=\"prodotto\" class=\"wpcf7-form-control wpcf7-select customform\" aria-invalid=\"false\"><option value=\"AGENDA CESTOVN\u00cdCH N\u00c1HRAD\">AGENDA CESTOVN\u00cdCH N\u00c1HRAD<\/option><\/select><\/span> <\/label><\/p>\n<p>       <label> jm\u00e9no a p\u0159\u00edjmen\u00ed<br \/>\n       <span class=\"wpcf7-form-control-wrap nome-cognome\"><input type=\"text\" name=\"nome-cognome\" value=\"\" size=\"40\" class=\"wpcf7-form-control wpcf7-text wpcf7-validates-as-required customform\" aria-required=\"true\" aria-invalid=\"false\" \/><\/span> <\/label><\/p>\n<p>       <label> spole\u010dnost<br \/>\n       <span class=\"wpcf7-form-control-wrap azienda\"><input type=\"text\" name=\"azienda\" value=\"\" size=\"40\" class=\"wpcf7-form-control wpcf7-text wpcf7-validates-as-required customform\" aria-required=\"true\" aria-invalid=\"false\" \/><\/span> <\/label><\/p>\n<p>       <label> Job Title<br \/>\n       <span class=\"wpcf7-form-control-wrap professione\"><input type=\"text\" name=\"professione\" value=\"\" size=\"40\" class=\"wpcf7-form-control wpcf7-text wpcf7-validates-as-required customform\" aria-required=\"true\" aria-invalid=\"false\" \/><\/span> <\/label><\/p>\n<p>       <label> velkom\u011bsto<br \/>\n       <span class=\"wpcf7-form-control-wrap citta\"><input type=\"text\" name=\"citta\" value=\"\" size=\"40\" class=\"wpcf7-form-control wpcf7-text wpcf7-validates-as-required customform\" aria-required=\"true\" aria-invalid=\"false\" \/><\/span> <\/label><\/p>\n<p>       <label> Email<br \/>\n       <span class=\"wpcf7-form-control-wrap email\"><input type=\"email\" name=\"email\" value=\"\" size=\"40\" class=\"wpcf7-form-control wpcf7-text wpcf7-email wpcf7-validates-as-required wpcf7-validates-as-email customform\" aria-required=\"true\" aria-invalid=\"false\" \/><\/span> <\/label><\/p>\n<p>       <label> Telefon<br \/>\n       <span class=\"wpcf7-form-control-wrap telefono\"><input type=\"tel\" name=\"telefono\" value=\"\" size=\"40\" class=\"wpcf7-form-control wpcf7-text wpcf7-tel wpcf7-validates-as-required wpcf7-validates-as-tel customform\" aria-required=\"true\" aria-invalid=\"false\" \/><\/span> <\/label><\/p>\n<p>       <label> Note<br \/>\n       <span class=\"wpcf7-form-control-wrap messaggio\"><textarea name=\"messaggio\" cols=\"40\" rows=\"10\" class=\"wpcf7-form-control wpcf7-textarea wpcf7-validates-as-required customform\" aria-required=\"true\" aria-invalid=\"false\"><\/textarea><\/span> <\/label><\/p>\n<p>       <input type=\"submit\" value=\"Odeslat\" class=\"wpcf7-form-control wpcf7-submit customSubmit-nota-spese customSubmit-prodotto\" \/>\n<\/p><\/div>\n<input type=\"text\" name=\"flr7M\" value=\"\" style=\"display: none !important;\" \/><div class=\"fusion-alert alert custom alert-custom fusion-alert-center wpcf7-response-output fusion-alert-capitalize alert-dismissable\" style=\"border-width:1px;\"><button type=\"button\" class=\"close toggle-alert\" data-dismiss=\"alert\" aria-hidden=\"true\">&times;<\/button><div class=\"fusion-alert-content-wrapper\"><span class=\"fusion-alert-content\"><\/span><\/div><\/div><\/form><\/div><\/div><\/div><style type=\"text\/css\">.fusion-body .fusion-builder-column-1{width:50% !important;margin-top : 0px;margin-bottom : 20px;}.fusion-builder-column-1 > .fusion-column-wrapper {padding-top : 10px !important;padding-right : 30px !important;margin-right : 30px;padding-bottom : 10px !important;padding-left : 30px !important;margin-left : 30px;}@media only screen and (max-width:1024px) {.fusion-body .fusion-builder-column-1{width:100% !important;order : 0;}.fusion-builder-column-1 > .fusion-column-wrapper {margin-right : 1.92%;margin-left : 1.92%;}}@media only screen and (max-width:640px) {.fusion-body .fusion-builder-column-1{width:100% !important;order : 0;}.fusion-builder-column-1 > .fusion-column-wrapper {margin-right : 1.92%;margin-left : 1.92%;}}<\/style><\/div><style type=\"text\/css\">.fusion-body .fusion-flex-container.fusion-builder-row-1{ padding-top : 0px;margin-top : 0px;padding-right : 0px;padding-bottom : 0px;margin-bottom : 0px;padding-left : 0px;}<\/style><\/div><div class=\"fusion-fullwidth fullwidth-box fusion-builder-row-2 fusion-flex-container nonhundred-percent-fullwidth non-hundred-percent-height-scrolling\" style=\"background-color: rgba(255,255,255,0);background-position: center center;background-repeat: no-repeat;border-width: 0px 0px 0px 0px;border-color:#eae9e9;border-style:solid;\" ><div class=\"fusion-builder-row fusion-row fusion-flex-align-items-flex-start\" style=\"max-width:1216.8px;margin-left: calc(-4% \/ 2 );margin-right: calc(-4% \/ 2 );\"><div class=\"fusion-layout-column fusion_builder_column fusion-builder-column-2 fusion_builder_column_1_1 1_1 fusion-flex-column cosa-semplifica\"><div class=\"fusion-column-wrapper fusion-flex-justify-content-flex-start fusion-content-layout-column\" style=\"background-position:left top;background-repeat:no-repeat;-webkit-background-size:cover;-moz-background-size:cover;-o-background-size:cover;background-size:cover;padding: 0px 0px 0px 0px;\"><style type=\"text\/css\">@media only screen and (max-width:1024px) {.fusion-title.fusion-title-2{margin-top:0px!important;margin-bottom:30px!important;}}<\/style><div class=\"fusion-title title fusion-title-2 fusion-title-text fusion-title-size-one\" style=\"margin-top:0px;margin-bottom:30px;\"><div class=\"title-sep-container title-sep-container-left fusion-no-large-visibility fusion-no-medium-visibility fusion-no-small-visibility\"><div class=\"title-sep sep-\" style=\"border-color:#e0dede;\"><\/div><\/div><h1 class=\"title-heading-left\" style=\"margin:0;\">Jak\u00e9 v\u00fdhody v\u00e1m nab\u00edz\u00ed:<\/h1><div class=\"title-sep-container title-sep-container-right\"><div class=\"title-sep sep-\" style=\"border-color:#e0dede;\"><\/div><\/div><\/div><div class=\"fusion-text fusion-text-2 m-bottom\"><ul class=\"ul-nota-spese\">\n<li>\u00a0 \u00a0 <strong>V\u00fdkaz v\u00fddaj\u016f<\/strong><\/li>\n<\/ul>\n<p>Vypracov\u00e1n\u00ed v\u00fdkazu v\u00fddaj\u016f vynalo\u017een\u00fdch b\u011bhem pracovn\u00ed cesty je \u010dasto pova\u017eov\u00e1no za ztr\u00e1tu \u010dasu nebo za p\u0159\u00edt\u011b\u017e.<\/p>\n<p>D\u00edky na\u0161emu interaktivn\u00edmu webov\u00e9mu rozhran\u00ed s intuitivn\u00edm ovl\u00e1d\u00e1n\u00edm nab\u00edz\u00edme na\u0161im klient\u016fm jednoduch\u00e9 \u0159e\u0161en\u00ed.<\/p>\n<p>Krom\u011b webov\u00e9ho rozhran\u00ed je program k dispozici rovn\u011b\u017e ve form\u011b mobiln\u00ed aplikace pro zad\u00e1v\u00e1n\u00ed v\u00fddaj\u016f s automatick\u00fdm p\u0159ipojen\u00edm fotografie stvrzenky.<\/p>\n<\/div><div class=\"fusion-text fusion-text-3 m-bottom\"><ul class=\"ul-nota-spese\">\n<li>\u00a0 \u00a0 <strong>P\u0159edplacen\u00e9 cestovn\u00ed slu\u017eby \/ kreditn\u00ed karty<\/strong><\/li>\n<\/ul>\n<p>Software je nav\u00e1zan\u00fd na hlavn\u00ed agentury zam\u011b\u0159en\u00e9 na organizaci pracovn\u00edch cest, kter\u00e9 tak mohou automaticky zpracov\u00e1vat poskytnut\u00e9 slu\u017eby a poskytnout tak zam\u011bstnanci jejich kone\u010dn\u00fd soupis.<br \/>\nDo st\u00e1vaj\u00edc\u00edch rozhran\u00ed je mo\u017en\u00e9 zad\u00e1vat ve\u0161ker\u00e9 v\u00fddaje placen\u00e9 v\u0161emi b\u011b\u017en\u00fdmi kreditn\u00edmi kartami (v p\u0159\u00edpad\u011b pot\u0159eby m\u016f\u017ee b\u00fdt seznam roz\u0161\u00ed\u0159en, pokud dan\u00fd typ nen\u00ed mezi t\u011bmi p\u0159ednastaven\u00fdmi). I v tomto p\u0159\u00edpad\u011b m\u00e1 na z\u00e1v\u011br zam\u011bstnanec k dispozici ji\u017e p\u0159ipraven\u00fd soupis v\u00fddaj\u016f.<\/p>\n<\/div><div class=\"fusion-text fusion-text-4 m-bottom\"><ul class=\"ul-nota-spese\">\n<li>\u00a0 \u00a0 <strong>Schvalovac\u00ed procedury<\/strong><\/li>\n<\/ul>\n<p>S organizac\u00ed pracovn\u00edch cest jsou \u010dasto spojeny velmi slo\u017eit\u00e9 a komplikovan\u00e9 autoriza\u010dn\u00ed a schvalovac\u00ed postupy.<\/p>\n<p>Vytvo\u0159ili jsme pokrokov\u00fd konfigura\u010dn\u00ed syst\u00e9m, do kter\u00e9ho je mo\u017en\u00e9 zadat v\u0161echny pot\u0159ebn\u00e9 \u00fadaje tak, aby co nejl\u00e9pe odpov\u00eddaly pot\u0159eb\u00e1m klienta, od z\u00e1kladn\u00edch po ty nejslo\u017eit\u011bj\u0161\u00ed.<\/p>\n<p>Pravidla schvalovac\u00ed hierarchie mohou b\u00fdt zad\u00e1na ru\u010dn\u011b nebo mohou b\u00fdt automaticky p\u0159evedena, pokud m\u00e1 firma zpracov\u00e1nu organiza\u010dn\u00ed strukturu, ze kter\u00e9 lze tato pravidla \u010derpat.<\/p>\n<\/div><div class=\"fusion-text fusion-text-5 m-bottom\"><ul class=\"ul-nota-spese\">\n<li>\u00a0 \u00a0 <b>Kontrola dodr\u017eov\u00e1n\u00ed limit\u016f<\/b><\/li>\n<\/ul>\n<p>Pokud firma pou\u017e\u00edv\u00e1 u n\u011bkter\u00fdch typ\u016f v\u00fddaj\u016f limity maxim\u00e1ln\u00ed v\u00fd\u0161e (nap\u0159\u00edklad v\u00fddaj za ubytov\u00e1n\u00ed a stravu), umo\u017e\u0148uje syst\u00e9m konfiguraci kontroln\u00edch pravidel. D\u00edky tomu m\u00e1 p\u0159\u00edpadn\u00e1 p\u0159ekro\u010den\u00ed v\u00fd\u0161e limitu pod kontrolou jak zam\u011bstnanec, tak i dal\u0161\u00ed pracovn\u00edci, kte\u0159\u00ed zaji\u0161\u0165uj\u00ed n\u00e1sledn\u00e9 kontroly.<\/p>\n<p>Kontroln\u00ed maska zobrazuje intuitivn\u00edm a jednozna\u010dn\u00fdm zp\u016fsobem, zda jsou ve vy\u00fa\u010dtov\u00e1n\u00ed cestovn\u00edch n\u00e1hrad n\u011bkter\u00e9 polo\u017eky vybo\u010duj\u00edc\u00ed z b\u011b\u017en\u00e9ho r\u00e1mce firemn\u00ed politiky, a umo\u017e\u0148uje jejich nastavitelnou spr\u00e1vu (nap\u0159. automatick\u00e9 zkr\u00e1cen\u00ed n\u00e1hrad v\u00fddaj\u016f p\u0159esahuj\u00edc\u00edch nastaven\u00e9 limity). Krom\u011b p\u0159esn\u011b vymezen\u00fdch limit\u016f mohou b\u00fdt nastaveny maxim\u00e1ln\u00ed hodnoty u souhrnn\u00fdch v\u00fddaj\u016f a pochopiteln\u011b i ozn\u00e1men\u00ed o p\u0159ekro\u010den\u00ed maxim\u00e1ln\u00edch da\u0148ov\u011b uplatniteln\u00fdch \u010d\u00e1stek.<\/p>\n<\/div><div class=\"fusion-text fusion-text-6 m-bottom\"><ul class=\"ul-nota-spese\">\n<li>\u00a0 \u00a0 <b>Statistick\u00e9 anal\u00fdzy a reporty<\/b><\/li>\n<\/ul>\n<p>Syst\u00e9m generuje standardizovan\u00e9 reporty, kter\u00e9 umo\u017e\u0148uj\u00ed komplexn\u00ed anal\u00fdzy r\u016fzn\u00fdch z\u00e1jmov\u00fdch oblast\u00ed, p\u0159edev\u0161\u00edm:<\/p>\n<p>polo\u017ekov\u00e9 soupisy v\u00fddaj\u016f, podle typu, podle subjektu, zak\u00e1zky\u2026<br \/>\nporovn\u00e1n\u00ed v\u00fddaj\u016f se situac\u00ed zaznamenanou v jin\u00fdch letech<br \/>\nsouhrn \u010derpan\u00fdch pouk\u00e1zek na stravu<br \/>\nJsme schopni rovn\u011b\u017e vygenerovat personalizovan\u00e9 reporty podle po\u017eadavk\u016f klienta.<\/p>\n<\/div><div class=\"fusion-text fusion-text-7 m-bottom\"><ul class=\"ul-nota-spese\">\n<li>\u00a0 \u00a0 <b>Prov\u00e1zanost s \u00fa\u010detn\u00edm programem a mzdovou agendou<\/b><\/li>\n<\/ul>\n<p>Syst\u00e9m disponuje funkc\u00ed exportu zadan\u00fdch nebo importovan\u00fdch faktur do \u00fa\u010detnictv\u00ed na libovoln\u00e9 organiza\u010dn\u00ed slo\u017eky, p\u0159i\u010dem\u017e lze pro export pou\u017e\u00edt n\u00e1\u0161 standardn\u00ed postup nebo p\u0159izp\u016fsobit p\u0159enos podle c\u00edlov\u00e9ho softwaru.<\/p>\n<p>Vyplacen\u00ed cestovn\u00edch n\u00e1hrad m\u016f\u017ee b\u00fdt provedeno jak jejich p\u0159ips\u00e1n\u00edm na v\u00fdplatn\u00ed p\u00e1sku, tak i formou bankovn\u00edho p\u0159evodu, k \u010demu\u017e syst\u00e9m vygeneruje p\u0159\u00edslu\u0161n\u00fd bankovn\u00ed p\u0159\u00edkaz.<\/p>\n<\/div><div class=\"fusion-text fusion-text-8 m-bottom\"><ul class=\"ul-nota-spese\">\n<li>\u00a0 \u00a0 <b>Elektronick\u00e1 archivace<\/b><\/li>\n<\/ul>\n<p>Program je p\u0159ednastaven tak, aby byl schopen komunikovat s archiva\u010dn\u00edmi syst\u00e9my a aby po uplynut\u00ed z\u00e1konem stanoven\u00e9 lh\u016fty bylo mo\u017en\u00e9 zlikvidovat pap\u00edrov\u00e9 v\u00fddajov\u00e9 doklady, kter\u00e9 budou nad\u00e1le uchov\u00e1ny v elektronick\u00e9m form\u00e1tu.<\/p>\n<\/div><\/div><\/div><style type=\"text\/css\">.fusion-body .fusion-builder-column-2{width:100% !important;margin-top : 0px;margin-bottom : 20px;}.fusion-builder-column-2 > .fusion-column-wrapper {padding-top : 0px !important;padding-right : 0px !important;margin-right : 4.8%;padding-bottom : 0px !important;padding-left : 0px !important;margin-left : 9.6%;}@media only screen and (max-width:1024px) {.fusion-body .fusion-builder-column-2{width:100% !important;order : 0;}.fusion-builder-column-2 > .fusion-column-wrapper {margin-right : 1.92%;margin-left : 1.92%;}}@media only screen and (max-width:640px) {.fusion-body .fusion-builder-column-2{width:100% !important;order : 0;}.fusion-builder-column-2 > .fusion-column-wrapper {margin-right : 1.92%;margin-left : 1.92%;}}<\/style><div class=\"fusion-layout-column fusion_builder_column fusion-builder-column-3 fusion_builder_column_1_2 1_2 fusion-flex-column\"><div class=\"fusion-column-wrapper fusion-flex-justify-content-flex-start fusion-content-layout-column\" style=\"background-position:left top;background-repeat:no-repeat;-webkit-background-size:cover;-moz-background-size:cover;-o-background-size:cover;background-size:cover;padding: 0px 0px 0px 0px;\"><\/div><\/div><style type=\"text\/css\">.fusion-body .fusion-builder-column-3{width:50% !important;margin-top : 0px;margin-bottom : 20px;}.fusion-builder-column-3 > .fusion-column-wrapper {padding-top : 0px !important;padding-right : 0px !important;margin-right : 3.84%;padding-bottom : 0px !important;padding-left : 0px !important;margin-left : 3.84%;}@media only screen and (max-width:1024px) {.fusion-body .fusion-builder-column-3{width:100% !important;order : 0;}.fusion-builder-column-3 > .fusion-column-wrapper {margin-right : 1.92%;margin-left : 1.92%;}}@media only screen and (max-width:640px) {.fusion-body .fusion-builder-column-3{width:100% !important;order : 0;}.fusion-builder-column-3 > .fusion-column-wrapper {margin-right : 1.92%;margin-left : 1.92%;}}<\/style><\/div><style type=\"text\/css\">.fusion-body .fusion-flex-container.fusion-builder-row-2{ padding-top : 0px;margin-top : 0px;padding-right : 0px;padding-bottom : 0px;margin-bottom : 0px;padding-left : 0px;}<\/style><\/div><\/p>\n","protected":false},"excerpt":{"rendered":"","protected":false},"author":1,"featured_media":0,"parent":0,"menu_order":0,"comment_status":"closed","ping_status":"closed","template":"","meta":[],"_links":{"self":[{"href":"https:\/\/www.nilobit.com\/cs\/wp-json\/wp\/v2\/pages\/15165"}],"collection":[{"href":"https:\/\/www.nilobit.com\/cs\/wp-json\/wp\/v2\/pages"}],"about":[{"href":"https:\/\/www.nilobit.com\/cs\/wp-json\/wp\/v2\/types\/page"}],"author":[{"embeddable":true,"href":"https:\/\/www.nilobit.com\/cs\/wp-json\/wp\/v2\/users\/1"}],"replies":[{"embeddable":true,"href":"https:\/\/www.nilobit.com\/cs\/wp-json\/wp\/v2\/comments?post=15165"}],"version-history":[{"count":1,"href":"https:\/\/www.nilobit.com\/cs\/wp-json\/wp\/v2\/pages\/15165\/revisions"}],"predecessor-version":[{"id":15166,"href":"https:\/\/www.nilobit.com\/cs\/wp-json\/wp\/v2\/pages\/15165\/revisions\/15166"}],"wp:attachment":[{"href":"https:\/\/www.nilobit.com\/cs\/wp-json\/wp\/v2\/media?parent=15165"}],"curies":[{"name":"wp","href":"https:\/\/api.w.org\/{rel}","templated":true}]}}