{"id":15182,"date":"2021-03-17T16:16:14","date_gmt":"2021-03-17T15:16:14","guid":{"rendered":"https:\/\/www.nilobit.com\/gestione-parco-auto\/"},"modified":"2021-03-17T16:21:45","modified_gmt":"2021-03-17T15:21:45","slug":"sprava-vozoveho-parku","status":"publish","type":"page","link":"https:\/\/www.nilobit.com\/cs\/sprava-vozoveho-parku\/","title":{"rendered":"Spr\u00e1va vozov\u00e9ho parku"},"content":{"rendered":"<p><div class=\"fusion-fullwidth fullwidth-box fusion-builder-row-1 fusion-flex-container nonhundred-percent-fullwidth non-hundred-percent-height-scrolling\" style=\"background-color: rgba(255,255,255,0);background-position: center center;background-repeat: no-repeat;border-width: 0px 0px 0px 0px;border-color:#eae9e9;border-style:solid;\" ><div class=\"fusion-builder-row fusion-row fusion-flex-align-items-flex-start\" style=\"max-width:1216.8px;margin-left: calc(-4% \/ 2 );margin-right: calc(-4% \/ 2 );\"><div class=\"fusion-layout-column fusion_builder_column fusion-builder-column-0 fusion_builder_column_1_2 1_2 fusion-flex-column\"><div class=\"fusion-column-wrapper fusion-flex-justify-content-flex-start fusion-content-layout-column\" style=\"background-position:left top;background-repeat:no-repeat;-webkit-background-size:cover;-moz-background-size:cover;-o-background-size:cover;background-size:cover;padding: 0px 0px 0px 0px;\"><style type=\"text\/css\">@media only screen and (max-width:1024px) {.fusion-title.fusion-title-1{margin-top:0px!important;margin-bottom:30px!important;}}<\/style><div class=\"fusion-title title fusion-title-1 fusion-title-text fusion-title-size-one\" style=\"margin-top:0px;margin-bottom:30px;\"><div class=\"title-sep-container title-sep-container-left fusion-no-large-visibility fusion-no-medium-visibility fusion-no-small-visibility\"><div class=\"title-sep sep-\" style=\"border-color:#e0dede;\"><\/div><\/div><h1 class=\"title-heading-left\" style=\"margin:0;\">Software pro spr\u00e1vu vozov\u00e9ho parku: n\u00e1klady, dodr\u017eov\u00e1n\u00ed term\u00edn\u016f a \u00fadr\u017eba v\u017edy pod kontrolou.<\/h1><div class=\"title-sep-container title-sep-container-right\"><div class=\"title-sep sep-\" style=\"border-color:#e0dede;\"><\/div><\/div><\/div><div class=\"fusion-text fusion-text-1\" style=\"font-size:16px;color:#000000;\"><p>Spr\u00e1va vozov\u00e9ho parku tvo\u0159en\u00e9ho jak vlastn\u00edmi vozidly, tak i vozidly v dlouhodob\u00e9m pron\u00e1jmu od r\u016fzn\u00fdch subjekt\u016f, nen\u00ed pro fleet mana\u017eera v\u017edy jednoduch\u00fd \u00fakol.<\/p>\n<p>D\u00edky na\u0161\u00ed platform\u011b bude m\u00edt k dispozici pot\u0159ebn\u00e9 n\u00e1stroje, kter\u00e9 mu pomohou p\u0159i \u0159e\u0161en\u00ed specifick\u00fdch probl\u00e9m\u016f pron\u00e1jmu a pronajat\u00fdch vozidel, to v\u0161e na jedin\u00e9m webov\u00e9m port\u00e1lu.<\/p>\n<\/div><\/div><\/div><style type=\"text\/css\">.fusion-body .fusion-builder-column-0{width:50% !important;margin-top : 0px;margin-bottom : 20px;}.fusion-builder-column-0 > .fusion-column-wrapper {padding-top : 0px !important;padding-right : 0px !important;margin-right : 9.6%;padding-bottom : 0px !important;padding-left : 0px !important;margin-left : 19.2%;}@media only screen and (max-width:1024px) {.fusion-body .fusion-builder-column-0{width:100% !important;order : 0;}.fusion-builder-column-0 > .fusion-column-wrapper {margin-right : 1.92%;margin-left : 1.92%;}}@media only screen and (max-width:640px) {.fusion-body .fusion-builder-column-0{width:100% !important;order : 0;}.fusion-builder-column-0 > .fusion-column-wrapper {margin-right : 1.92%;margin-left : 1.92%;}}<\/style><div class=\"fusion-layout-column fusion_builder_column fusion-builder-column-1 fusion_builder_column_1_2 1_2 fusion-flex-column box-form-parco-auto box-form-prodotto\"><div class=\"fusion-column-wrapper fusion-flex-justify-content-flex-start fusion-content-layout-column\" style=\"background-image: linear-gradient(180deg, #ffffff 0%,#ffffff 100%);background-position:left top;background-repeat:no-repeat;-webkit-background-size:cover;-moz-background-size:cover;-o-background-size:cover;background-size:cover;background-color:#ffffff;padding: 10px 30px 10px 30px;\"><div class=\"header-form-prodotto header-form-parco-auto\">Po\u017e\u00e1dat o uk\u00e1zku<\/div><div role=\"form\" class=\"wpcf7\" id=\"wpcf7-f14489-o1\" lang=\"cs-CZ\" dir=\"ltr\">\n<div class=\"screen-reader-response\"><p role=\"status\" aria-live=\"polite\" aria-atomic=\"true\"><\/p> <ul><\/ul><\/div>\n<form action=\"\/cs\/wp-json\/wp\/v2\/pages\/15182#wpcf7-f14489-o1\" method=\"post\" class=\"wpcf7-form init\" novalidate=\"novalidate\" data-status=\"init\">\n<div style=\"display: none;\">\n<input type=\"hidden\" name=\"_wpcf7\" value=\"14489\" \/>\n<input type=\"hidden\" name=\"_wpcf7_version\" value=\"5.3.1\" \/>\n<input type=\"hidden\" name=\"_wpcf7_locale\" value=\"cs_CZ\" \/>\n<input type=\"hidden\" name=\"_wpcf7_unit_tag\" value=\"wpcf7-f14489-o1\" \/>\n<input type=\"hidden\" name=\"_wpcf7_container_post\" value=\"0\" \/>\n<input type=\"hidden\" name=\"_wpcf7_posted_data_hash\" value=\"\" \/>\n<input type=\"hidden\" name=\"_wpcf7_recaptcha_response\" value=\"\" \/>\n<\/div>\n<div class=\"row contact-form-prodotto\">\n<p>       <label> Produkty<br \/>\n        <span class=\"wpcf7-form-control-wrap prodotto\"><select name=\"prodotto\" class=\"wpcf7-form-control wpcf7-select customform\" aria-invalid=\"false\"><option value=\"SPR\u00c1VA VOZOV\u00c9HO PARKU\">SPR\u00c1VA VOZOV\u00c9HO PARKU<\/option><\/select><\/span> <\/label><\/p>\n<p>       <label> jm\u00e9no a p\u0159\u00edjmen\u00ed<br \/>\n       <span class=\"wpcf7-form-control-wrap nome-cognome\"><input type=\"text\" name=\"nome-cognome\" value=\"\" size=\"40\" class=\"wpcf7-form-control wpcf7-text wpcf7-validates-as-required customform\" aria-required=\"true\" aria-invalid=\"false\" \/><\/span> <\/label><\/p>\n<p>       <label> spole\u010dnost<br \/>\n       <span class=\"wpcf7-form-control-wrap azienda\"><input type=\"text\" name=\"azienda\" value=\"\" size=\"40\" class=\"wpcf7-form-control wpcf7-text wpcf7-validates-as-required customform\" aria-required=\"true\" aria-invalid=\"false\" \/><\/span> <\/label><\/p>\n<p>       <label> Job Title<br \/>\n       <span class=\"wpcf7-form-control-wrap professione\"><input type=\"text\" name=\"professione\" value=\"\" size=\"40\" class=\"wpcf7-form-control wpcf7-text wpcf7-validates-as-required customform\" aria-required=\"true\" aria-invalid=\"false\" \/><\/span> <\/label><\/p>\n<p>       <label> velkom\u011bsto<br \/>\n       <span class=\"wpcf7-form-control-wrap citta\"><input type=\"text\" name=\"citta\" value=\"\" size=\"40\" class=\"wpcf7-form-control wpcf7-text wpcf7-validates-as-required customform\" aria-required=\"true\" aria-invalid=\"false\" \/><\/span> <\/label><\/p>\n<p>       <label> Email<br \/>\n       <span class=\"wpcf7-form-control-wrap email\"><input type=\"email\" name=\"email\" value=\"\" size=\"40\" class=\"wpcf7-form-control wpcf7-text wpcf7-email wpcf7-validates-as-required wpcf7-validates-as-email customform\" aria-required=\"true\" aria-invalid=\"false\" \/><\/span> <\/label><\/p>\n<p>       <label> Telefon<br \/>\n       <span class=\"wpcf7-form-control-wrap telefono\"><input type=\"tel\" name=\"telefono\" value=\"\" size=\"40\" class=\"wpcf7-form-control wpcf7-text wpcf7-tel wpcf7-validates-as-required wpcf7-validates-as-tel customform\" aria-required=\"true\" aria-invalid=\"false\" \/><\/span> <\/label><\/p>\n<p>       <label> Note<br \/>\n       <span class=\"wpcf7-form-control-wrap messaggio\"><textarea name=\"messaggio\" cols=\"40\" rows=\"10\" class=\"wpcf7-form-control wpcf7-textarea wpcf7-validates-as-required customform\" aria-required=\"true\" aria-invalid=\"false\"><\/textarea><\/span> <\/label><\/p>\n<p>       <input type=\"submit\" value=\"Odeslat\" class=\"wpcf7-form-control wpcf7-submit customSubmit-parco-auto customSubmit-prodotto\" \/>\n<\/p><\/div>\n<input type=\"text\" name=\"flr7M\" value=\"\" style=\"display: none !important;\" \/><div class=\"fusion-alert alert custom alert-custom fusion-alert-center wpcf7-response-output fusion-alert-capitalize alert-dismissable\" style=\"border-width:1px;\"><button type=\"button\" class=\"close toggle-alert\" data-dismiss=\"alert\" aria-hidden=\"true\">&times;<\/button><div class=\"fusion-alert-content-wrapper\"><span class=\"fusion-alert-content\"><\/span><\/div><\/div><\/form><\/div><\/div><\/div><style type=\"text\/css\">.fusion-body .fusion-builder-column-1{width:50% !important;margin-top : 0px;margin-bottom : 20px;}.fusion-builder-column-1 > .fusion-column-wrapper {padding-top : 10px !important;padding-right : 30px !important;margin-right : 30px;padding-bottom : 10px !important;padding-left : 30px !important;margin-left : 30px;}@media only screen and (max-width:1024px) {.fusion-body .fusion-builder-column-1{width:100% !important;order : 0;}.fusion-builder-column-1 > .fusion-column-wrapper {margin-right : 1.92%;margin-left : 1.92%;}}@media only screen and (max-width:640px) {.fusion-body .fusion-builder-column-1{width:100% !important;order : 0;}.fusion-builder-column-1 > .fusion-column-wrapper {margin-right : 1.92%;margin-left : 1.92%;}}<\/style><\/div><style type=\"text\/css\">.fusion-body .fusion-flex-container.fusion-builder-row-1{ padding-top : 0px;margin-top : 0px;padding-right : 0px;padding-bottom : 0px;margin-bottom : 0px;padding-left : 0px;}<\/style><\/div><div class=\"fusion-fullwidth fullwidth-box fusion-builder-row-2 fusion-flex-container nonhundred-percent-fullwidth non-hundred-percent-height-scrolling\" style=\"background-color: rgba(255,255,255,0);background-position: center center;background-repeat: no-repeat;border-width: 0px 0px 0px 0px;border-color:#eae9e9;border-style:solid;\" ><div class=\"fusion-builder-row fusion-row fusion-flex-align-items-flex-start\" style=\"max-width:1216.8px;margin-left: calc(-4% \/ 2 );margin-right: calc(-4% \/ 2 );\"><div class=\"fusion-layout-column fusion_builder_column fusion-builder-column-2 fusion_builder_column_1_1 1_1 fusion-flex-column cosa-semplifica\"><div class=\"fusion-column-wrapper fusion-flex-justify-content-flex-start fusion-content-layout-column\" style=\"background-position:left top;background-repeat:no-repeat;-webkit-background-size:cover;-moz-background-size:cover;-o-background-size:cover;background-size:cover;padding: 0px 0px 0px 0px;\"><style type=\"text\/css\">@media only screen and (max-width:1024px) {.fusion-title.fusion-title-2{margin-top:0px!important;margin-bottom:30px!important;}}<\/style><div class=\"fusion-title title fusion-title-2 fusion-title-text fusion-title-size-one\" style=\"margin-top:0px;margin-bottom:30px;\"><div class=\"title-sep-container title-sep-container-left fusion-no-large-visibility fusion-no-medium-visibility fusion-no-small-visibility\"><div class=\"title-sep sep-\" style=\"border-color:#e0dede;\"><\/div><\/div><h1 class=\"title-heading-left\" style=\"margin:0;\">Jak\u00e9 v\u00fdhody v\u00e1m nab\u00edz\u00ed:<\/h1><div class=\"title-sep-container title-sep-container-right\"><div class=\"title-sep sep-\" style=\"border-color:#e0dede;\"><\/div><\/div><\/div><div class=\"fusion-text fusion-text-2 m-bottom\"><ul class=\"ul-parco-auto\">\n<li>\u00a0 \u00a0 <strong>Evidence vozidel<\/strong><\/li>\n<\/ul>\n<p>Z\u00e1kladn\u00edm kamenem na\u0161eho softwaru je kompletn\u00ed a funk\u010dn\u00ed datab\u00e1ze s intuitivn\u00edm ovl\u00e1d\u00e1n\u00edm ur\u010den\u00e1 fleet mana\u017eer\u016fm, kte\u0159\u00ed ka\u017edodenn\u011b vyhled\u00e1vaj\u00ed a zpracov\u00e1vaj\u00ed \u00fadaje o vozidlech a \u0159idi\u010d\u00edch.<\/p>\n<p>Krom\u011b z\u00e1kladn\u00edch identifika\u010dn\u00edch \u00fadaj\u016f a p\u0159\u00edslu\u0161n\u00fdch tabulek syst\u00e9m rovn\u011b\u017e nab\u00edz\u00ed mo\u017enost archivace jak\u00fdchkoliv dokument\u016f tak, aby byly p\u0159\u00edstupn\u00e9 a pou\u017eiteln\u00e9 pro toho, kdo vstoup\u00ed do syst\u00e9mu (technick\u00e9 pr\u016fkazy, smlouvy, osv\u011bd\u010den\u00ed\u2026).<\/p>\n<\/div><div class=\"fusion-text fusion-text-3 m-bottom\"><ul class=\"ul-parco-auto\">\n<li>\u00a0 \u00a0 <strong>\u010casov\u00fd harmonogram<\/strong><\/li>\n<\/ul>\n<p>Syst\u00e9m je vybaven efektivn\u00edm kontroln\u00edm n\u00e1strojem, kter\u00fd za V\u00e1s bude monitorovat a upozorn\u00ed v\u010das na bl\u00ed\u017e\u00edc\u00ed se term\u00edn:<\/p>\n<p>administrativn\u00edch pln\u011bn\u00ed (\u00fahrada poplatk\u016f, pln\u011bn\u00ed vypl\u00fdvaj\u00edc\u00ed ze smluv o dlouhodob\u00e9m pron\u00e1jmu, povinn\u00e9 ru\u010den\u00ed, pravideln\u00e9 technick\u00e9 kontroly\u2026)<br \/>\n\u00fadr\u017eby vozidel a jejich vybaven\u00ed (STK, brzdy\u2026)<br \/>\nu \u0159idi\u010d\u016f (\u0159idi\u010dsk\u00e9 opr\u00e1vn\u011bn\u00ed, pr\u016fkaz profesn\u00ed zp\u016fsobilosti, osv\u011bd\u010den\u00ed ADR\u2026)<\/p>\n<\/div><div class=\"fusion-text fusion-text-4 m-bottom\"><ul class=\"ul-parco-auto\">\n<li>\u00a0 \u00a0 <b>Pl\u00e1nov\u00e1n\u00ed a spr\u00e1va \u00fadr\u017eby a p\u0159\u00edpadn\u00fdch dopravn\u00edch nehod<\/b><\/li>\n<\/ul>\n<p>Poskytujeme fleet mana\u017eerovi n\u00e1stroj, d\u00edky kter\u00e9mu bude jednodu\u0161e a efektivn\u011b pl\u00e1novat \u00fadr\u017ebu vozidel a jejich vybaven\u00ed.<\/p>\n<p>Pl\u00e1n \u00fadr\u017eby m\u016f\u017ee b\u00fdt nastaven na z\u00e1klad\u011b r\u016fzn\u00fdch krit\u00e9ri\u00ed: po\u010det ujet\u00fdch kilometr\u016f, po\u010det provozn\u00edch hodin\/dn\u00ed. Je nap\u0159\u00edklad mo\u017en\u00e9 naprogramovat servisn\u00ed prohl\u00eddky po ka\u017ed\u00fdch 30 000 odjet\u00fdch kilometrech nebo 365 dnech, ale i kontrolu stroje po ka\u017ed\u00fdch 2000 hodin\u00e1ch provozu.<\/p>\n<p>Spr\u00e1va \u00fadr\u017eby m\u016f\u017ee b\u00fdt propojena s workflow, od zad\u00e1n\u00ed p\u0159edb\u011b\u017en\u00e9ho rozpo\u010dtu po potvrzen\u00ed proveden\u00fdch v\u00fdkon\u016f a registraci faktury, to v\u0161e v jedin\u00e9m syst\u00e9mu, kter\u00fd lze individu\u00e1ln\u011b upravit podle funkc\u00ed a v\u00fd\u0161e p\u0159edb\u011b\u017en\u00e9ho rozpo\u010dtu.<\/p>\n<p>D\u00edky zad\u00e1n\u00ed p\u0159edb\u011b\u017en\u00fdch rozpo\u010dt\u016f se soupisem v\u00fdkon\u016f k proveden\u00ed budou p\u0159\u00edslu\u0161n\u00ed pracovn\u00edci dost\u00e1vat pokyny p\u0159\u00edmo od syst\u00e9mu, kter\u00fd sleduje pl\u00e1n \u00fadr\u017eby a zohled\u0148uje i z\u00e1kroky, kter\u00e9 ji\u017e byly na konkr\u00e9tn\u00edm vozidle provedeny v minulosti. V p\u0159\u00edpad\u011b dopravn\u00edch nehod nab\u00edz\u00ed syst\u00e9m \u2013 krom\u011b zaji\u0161t\u011bn\u00ed p\u0159edb\u011b\u017en\u00e9ho rozpo\u010dtu za opravu a zprovozn\u011bn\u00ed vozidla \u2013 i mo\u017enost zad\u00e1n\u00ed ve\u0161ker\u00fdch \u00fadaj\u016f, kter\u00e9 jsou pro spr\u00e1vu pot\u0159ebn\u00e9, co\u017e je d\u016fle\u017eit\u00e9 i z hlediska komunikace s poji\u0161\u0165ovnou druh\u00e9ho \u00fa\u010dastn\u00edka nehody.<\/p>\n<\/div><div class=\"fusion-text fusion-text-5 m-bottom\"><ul class=\"ul-parco-auto\">\n<li>\u00a0 \u00a0 <strong>Spr\u00e1va pokut<\/strong><\/li>\n<\/ul>\n<p>Ke spr\u00e1v\u011b pokut, kter\u00e9 budou firm\u011b doru\u010deny, slou\u017e\u00ed speci\u00e1ln\u00ed funkce, kter\u00e1 umo\u017e\u0148uje p\u0159ikl\u00e1d\u00e1n\u00ed dokument\u016f a zad\u00e1v\u00e1n\u00ed d\u016fle\u017eit\u00fdch \u00fadaj\u016f.<\/p>\n<p>Na z\u00e1klad\u011b zadan\u00fdch \u00fadaj\u016f pak m\u016f\u017ee syst\u00e9m automaticky zas\u00edlat e-mailov\u00e9 upozorn\u011bn\u00ed na bl\u00ed\u017e\u00edc\u00ed se splatnost podle nastaven\u00fdch parametr\u016f (nap\u0159. 5 dn\u00ed jako mezn\u00ed lh\u016fta ur\u010den\u00e1 pro \u00fahradu pokuty ve sn\u00ed\u017een\u00e9 v\u00fd\u0161i).<\/p>\n<\/div><div class=\"fusion-text fusion-text-6 m-bottom\"><ul class=\"ul-parco-auto\">\n<li>\u00a0 \u00a0 <b>Import dodavatelsk\u00fdch faktur<\/b><\/li>\n<\/ul>\n<p>Syst\u00e9m umo\u017e\u0148uje import ve\u0161ker\u00fdch n\u00e1klad\u016f spojen\u00fdch s provozem vozov\u00e9ho parku.<\/p>\n<p>Syst\u00e9m d\u00e1v\u00e1 u\u017eivateli k dispozici importn\u00ed postupy, kter\u00e9 umo\u017e\u0148uj\u00ed zad\u00e1n\u00ed do\u0161l\u00fdch faktur za pohonn\u00e9 hmoty, d\u00e1lni\u010dn\u00ed poplatky nebo spl\u00e1tky n\u00e1jemn\u00e9ho. V pr\u016fb\u011bhu importu dat syst\u00e9m prov\u00e1d\u00ed pr\u016fb\u011b\u017enou kontrolu kompatibility fakturovan\u00fdch \u00fadaj\u016f a \u00fadaj\u016f nastaven\u00fdch u jednotliv\u00fdch vozidel. Upozorn\u00ed nap\u0159\u00edklad na nesoulad mezi fakturovanou \u010d\u00e1stkou za pron\u00e1jem podle smlouvy a mezi \u010d\u00e1stkou uvedenou v evidenci dan\u00e9ho vozidla.<\/p>\n<\/div><div class=\"fusion-text fusion-text-7 m-bottom\"><ul class=\"ul-parco-auto\">\n<li>\u00a0 \u00a0 <b>Propojen\u00ed s \u00fa\u010detn\u00edmi syst\u00e9my<\/b><\/li>\n<\/ul>\n<p>Syst\u00e9m disponuje funkc\u00ed exportu zadan\u00fdch nebo importovan\u00fdch faktur do \u00fa\u010detnictv\u00ed na libovoln\u00e9 organiza\u010dn\u00ed slo\u017eky, p\u0159i\u010dem\u017e lze pro export pou\u017e\u00edt n\u00e1\u0161 standardn\u00ed postup nebo p\u0159izp\u016fsobit p\u0159enos podle c\u00edlov\u00e9ho softwaru.<\/p>\n<p>Specifick\u00e9 podm\u00ednky a pravidla \u010dlen\u011bn\u00ed podle \u00fa\u010dtu nebo podle kategorie v\u00fddaje lze natavit pomoc\u00ed specifick\u00e9ho rozhran\u00ed, d\u00edky n\u011bmu\u017e jednoduch\u00fdm a intuitivn\u00edm zp\u016fsobem nastav\u00edte pravidla podle typu v\u00fddaje, typu vozidla a jeho u\u017e\u00edv\u00e1n\u00ed.<\/p>\n<\/div><div class=\"fusion-text fusion-text-8 m-bottom\"><ul class=\"ul-parco-auto\">\n<li>\u00a0 \u00a0 <b>Statistick\u00e9 anal\u00fdzy a rozpo\u010dty<\/b><\/li>\n<\/ul>\n<p>Syst\u00e9m generuje standardizovan\u00e9 reporty, kter\u00e9 umo\u017e\u0148uj\u00ed komplexn\u00ed anal\u00fdzy r\u016fzn\u00fdch z\u00e1jmov\u00fdch oblast\u00ed, p\u0159edev\u0161\u00edm:<\/p>\n<p>v\u00fddaje spojen\u00e9 s vozidlem, s u\u017eivatelem, provozn\u00edm \u00fasekem nebo pobo\u010dkou<br \/>\npr\u016fm\u011brn\u00e9 spot\u0159eby<br \/>\nskute\u010dn\u00fd po\u010det ujet\u00fdch kilometr\u016f a jejich odhady<br \/>\nterm\u00edny pln\u011bn\u00ed v souvislosti s vozidly a \u0159idi\u010di (smlouvy, poji\u0161t\u011bn\u00ed, \u0159idi\u010dsk\u00e9 opr\u00e1vn\u011bn\u00ed \u2026)<br \/>\nkontrola faktur<br \/>\n\u2026<br \/>\nJsme schopni rovn\u011b\u017e vygenerovat personalizovan\u00e9 reporty podle po\u017eadavk\u016f klienta.<\/p>\n<\/div><div class=\"fusion-text fusion-text-9 m-bottom\"><ul class=\"ul-parco-auto\">\n<li>\u00a0 \u00a0 <b>Rezervace a car sharing<\/b><\/li>\n<\/ul>\n<p>Rezerva\u010dn\u00ed syst\u00e9m a organizace sd\u00edlen\u00fdch vozidel (tj. vozidel pou\u017e\u00edvan\u00fdch v\u00edce u\u017eivateli) se zaji\u0161\u0165uje pomoc\u00ed p\u0159\u00edslu\u0161n\u00e9ho rozhran\u00ed, kter\u00e9 zobrazuje voln\u00e9 dopravn\u00ed prost\u0159edky ve sd\u00edlen\u00e9m kalend\u00e1\u0159i.<\/p>\n<p>Prost\u0159ednictv\u00edm t\u00e9to funkce mohou u\u017eivatel\u00e9 zadat po\u017eadavek, kter\u00fd je automaticky zasl\u00e1n elektronickou po\u0161tou pov\u011b\u0159en\u00e9 osob\u011b v r\u00e1mci firmy. Tento pracovn\u00edk pak m\u016f\u017ee potvrdit nebo zm\u011bnit rezervaci tak, aby byla zaji\u0161t\u011bna \u0159\u00e1dn\u00e1 spr\u00e1va vozov\u00e9ho parku.<\/p>\n<\/div><\/div><\/div><style type=\"text\/css\">.fusion-body .fusion-builder-column-2{width:100% !important;margin-top : 0px;margin-bottom : 20px;}.fusion-builder-column-2 > .fusion-column-wrapper {padding-top : 0px !important;padding-right : 0px !important;margin-right : 4.8%;padding-bottom : 0px !important;padding-left : 0px !important;margin-left : 9.6%;}@media only screen and (max-width:1024px) {.fusion-body .fusion-builder-column-2{width:100% !important;order : 0;}.fusion-builder-column-2 > .fusion-column-wrapper {margin-right : 1.92%;margin-left : 1.92%;}}@media only screen and (max-width:640px) {.fusion-body .fusion-builder-column-2{width:100% !important;order : 0;}.fusion-builder-column-2 > .fusion-column-wrapper {margin-right : 1.92%;margin-left : 1.92%;}}<\/style><div class=\"fusion-layout-column fusion_builder_column fusion-builder-column-3 fusion_builder_column_1_2 1_2 fusion-flex-column\"><div class=\"fusion-column-wrapper fusion-flex-justify-content-flex-start fusion-content-layout-column\" style=\"background-position:left top;background-repeat:no-repeat;-webkit-background-size:cover;-moz-background-size:cover;-o-background-size:cover;background-size:cover;padding: 0px 0px 0px 0px;\"><\/div><\/div><style type=\"text\/css\">.fusion-body .fusion-builder-column-3{width:50% !important;margin-top : 0px;margin-bottom : 20px;}.fusion-builder-column-3 > .fusion-column-wrapper {padding-top : 0px !important;padding-right : 0px !important;margin-right : 3.84%;padding-bottom : 0px !important;padding-left : 0px !important;margin-left : 3.84%;}@media only screen and (max-width:1024px) {.fusion-body .fusion-builder-column-3{width:100% !important;order : 0;}.fusion-builder-column-3 > .fusion-column-wrapper {margin-right : 1.92%;margin-left : 1.92%;}}@media only screen and (max-width:640px) {.fusion-body .fusion-builder-column-3{width:100% !important;order : 0;}.fusion-builder-column-3 > .fusion-column-wrapper {margin-right : 1.92%;margin-left : 1.92%;}}<\/style><\/div><style type=\"text\/css\">.fusion-body .fusion-flex-container.fusion-builder-row-2{ padding-top : 0px;margin-top : 0px;padding-right : 0px;padding-bottom : 0px;margin-bottom : 0px;padding-left : 0px;}<\/style><\/div><\/p>\n","protected":false},"excerpt":{"rendered":"","protected":false},"author":1,"featured_media":0,"parent":0,"menu_order":0,"comment_status":"closed","ping_status":"closed","template":"","meta":[],"_links":{"self":[{"href":"https:\/\/www.nilobit.com\/cs\/wp-json\/wp\/v2\/pages\/15182"}],"collection":[{"href":"https:\/\/www.nilobit.com\/cs\/wp-json\/wp\/v2\/pages"}],"about":[{"href":"https:\/\/www.nilobit.com\/cs\/wp-json\/wp\/v2\/types\/page"}],"author":[{"embeddable":true,"href":"https:\/\/www.nilobit.com\/cs\/wp-json\/wp\/v2\/users\/1"}],"replies":[{"embeddable":true,"href":"https:\/\/www.nilobit.com\/cs\/wp-json\/wp\/v2\/comments?post=15182"}],"version-history":[{"count":1,"href":"https:\/\/www.nilobit.com\/cs\/wp-json\/wp\/v2\/pages\/15182\/revisions"}],"predecessor-version":[{"id":15183,"href":"https:\/\/www.nilobit.com\/cs\/wp-json\/wp\/v2\/pages\/15182\/revisions\/15183"}],"wp:attachment":[{"href":"https:\/\/www.nilobit.com\/cs\/wp-json\/wp\/v2\/media?parent=15182"}],"curies":[{"name":"wp","href":"https:\/\/api.w.org\/{rel}","templated":true}]}}