{"id":15207,"date":"2021-03-17T16:34:06","date_gmt":"2021-03-17T15:34:06","guid":{"rendered":"https:\/\/www.nilobit.com\/gestione-agenti\/"},"modified":"2021-03-17T16:41:56","modified_gmt":"2021-03-17T15:41:56","slug":"sprava-prodejnich-agentu","status":"publish","type":"page","link":"https:\/\/www.nilobit.com\/cs\/sprava-prodejnich-agentu\/","title":{"rendered":"Spr\u00e1va Prodejn\u00edch Agent\u016f"},"content":{"rendered":"<p><div class=\"fusion-fullwidth fullwidth-box fusion-builder-row-1 fusion-flex-container nonhundred-percent-fullwidth non-hundred-percent-height-scrolling\" style=\"background-color: rgba(255,255,255,0);background-position: center center;background-repeat: no-repeat;border-width: 0px 0px 0px 0px;border-color:#eae9e9;border-style:solid;\" ><div class=\"fusion-builder-row fusion-row fusion-flex-align-items-flex-start\" style=\"max-width:1216.8px;margin-left: calc(-4% \/ 2 );margin-right: calc(-4% \/ 2 );\"><div class=\"fusion-layout-column fusion_builder_column fusion-builder-column-0 fusion_builder_column_1_2 1_2 fusion-flex-column\"><div class=\"fusion-column-wrapper fusion-flex-justify-content-flex-start fusion-content-layout-column\" style=\"background-position:left top;background-repeat:no-repeat;-webkit-background-size:cover;-moz-background-size:cover;-o-background-size:cover;background-size:cover;padding: 0px 0px 0px 0px;\"><style type=\"text\/css\">@media only screen and (max-width:1024px) {.fusion-title.fusion-title-1{margin-top:0px!important;margin-bottom:30px!important;}}<\/style><div class=\"fusion-title title fusion-title-1 fusion-title-text fusion-title-size-one\" style=\"margin-top:0px;margin-bottom:30px;\"><div class=\"title-sep-container title-sep-container-left fusion-no-large-visibility fusion-no-medium-visibility fusion-no-small-visibility\"><div class=\"title-sep sep-\" style=\"border-color:#e0dede;\"><\/div><\/div><h1 class=\"title-heading-left\" style=\"margin:0;\">Softwarov\u00fd program pro administrativn\u00ed spr\u00e1vu obchodn\u00edch z\u00e1stupc\u016f pro pov\u011b\u0159uj\u00edc\u00ed spole\u010dnosti.<\/h1><div class=\"title-sep-container title-sep-container-right\"><div class=\"title-sep sep-\" style=\"border-color:#e0dede;\"><\/div><\/div><\/div><div class=\"fusion-text fusion-text-1\" style=\"font-size:16px;color:#000000;\"><p>N\u00e1\u0161 software V\u00e1m nab\u00edz\u00ed mo\u017enost propo\u010dtu proviz\u00ed, v\u00fdpo\u010dtu odvod\u016f na soci\u00e1ln\u00ed zabezpe\u010den\u00ed, odstupn\u00e9ho p\u0159i ukon\u010den\u00ed pracovn\u00edho pom\u011bru a \u0159adu dal\u0161\u00edch u\u017eite\u010dn\u00fdch funkce. Aplikaci m\u016f\u017eete bu\u010f pou\u017e\u00edvat na na\u0161ich serverech prost\u0159ednictv\u00edm s\u00ed\u0165ov\u00e9ho p\u0159ipojen\u00ed (cloud), nebo si m\u016f\u017eete zakoupit licenci a instalovat ji p\u0159\u00edmo na Va\u0161ich serverech. Agenda obchodn\u00edch z\u00e1stupc\u016f.<\/p>\n<p>Tento software je ur\u010den pro podniky, kter\u00e9 vedou intern\u00ed evidenci a agendu obchodn\u00edch agent\u016f, p\u0159\u00edslu\u0161n\u00fdch proviz\u00ed a povinn\u00fdch odvod\u016f; specializovan\u00e9 kancel\u00e1\u0159e, kter\u00e9 poskytuj\u00ed sv\u00fdm klient\u016fm administrativn\u00ed slu\u017eby v oblasti spr\u00e1vy agendy obchodn\u00edch z\u00e1stupc\u016f; velk\u00e9 podniky s v\u00edce ne\u017e 100 obchodn\u00edmi z\u00e1stupci, u nich\u017e je obdobn\u00e9 veden\u00ed agendy v n\u011bkter\u00fdch zem\u00edch ze z\u00e1kona povinn\u00e9; mal\u00e9 podniky a firmy, kter\u00e9 pot\u0159ebuj\u00ed podporu v normativn\u00edch ot\u00e1zk\u00e1ch ohledn\u011b obchodn\u00edch z\u00e1stupc\u016f (jak platit odvody a p\u0159\u00edsp\u011bvky, odstupn\u00e9 apod.). Agenda obchodn\u00edch z\u00e1stupc\u016f.<br \/>\nSoftware mohou efektivn\u011b vyu\u017e\u00edvat i samotn\u00ed obchodn\u00ed z\u00e1stupci a zjistit tak nap\u0159. v\u00fd\u0161i p\u0159\u00edslu\u0161n\u00fdch p\u0159\u00edsp\u011bvk\u016f, kontrolovat jejich placen\u00ed (zda ji\u017e do\u0161lo k \u00fahrad\u011b nebo maj\u00ed b\u00fdt uhrazeny) nebo nahl\u00ed\u017eet na n\u00e1vrhy faktur \u010di fin\u00e1ln\u00ed podobu faktur.<\/p>\n<\/div><\/div><\/div><style type=\"text\/css\">.fusion-body .fusion-builder-column-0{width:50% !important;margin-top : 0px;margin-bottom : 20px;}.fusion-builder-column-0 > .fusion-column-wrapper {padding-top : 0px !important;padding-right : 0px !important;margin-right : 9.6%;padding-bottom : 0px !important;padding-left : 0px !important;margin-left : 19.2%;}@media only screen and (max-width:1024px) {.fusion-body .fusion-builder-column-0{width:100% !important;order : 0;}.fusion-builder-column-0 > .fusion-column-wrapper {margin-right : 1.92%;margin-left : 1.92%;}}@media only screen and (max-width:640px) {.fusion-body .fusion-builder-column-0{width:100% !important;order : 0;}.fusion-builder-column-0 > .fusion-column-wrapper {margin-right : 1.92%;margin-left : 1.92%;}}<\/style><div class=\"fusion-layout-column fusion_builder_column fusion-builder-column-1 fusion_builder_column_1_2 1_2 fusion-flex-column box-form-agenti box-form-prodotto\"><div class=\"fusion-column-wrapper fusion-flex-justify-content-flex-start fusion-content-layout-column\" style=\"background-image: linear-gradient(180deg, #ffffff 0%,#ffffff 100%);background-position:left top;background-repeat:no-repeat;-webkit-background-size:cover;-moz-background-size:cover;-o-background-size:cover;background-size:cover;background-color:#ffffff;padding: 10px 30px 10px 30px;\"><div class=\"header-form-prodotto header-form-agenti\">Po\u017e\u00e1dat o uk\u00e1zku<\/div><div role=\"form\" class=\"wpcf7\" id=\"wpcf7-f14483-o1\" lang=\"cs-CZ\" dir=\"ltr\">\n<div class=\"screen-reader-response\"><p role=\"status\" aria-live=\"polite\" aria-atomic=\"true\"><\/p> <ul><\/ul><\/div>\n<form action=\"\/cs\/wp-json\/wp\/v2\/pages\/15207#wpcf7-f14483-o1\" method=\"post\" class=\"wpcf7-form init\" novalidate=\"novalidate\" data-status=\"init\">\n<div style=\"display: none;\">\n<input type=\"hidden\" name=\"_wpcf7\" value=\"14483\" \/>\n<input type=\"hidden\" name=\"_wpcf7_version\" value=\"5.3.1\" \/>\n<input type=\"hidden\" name=\"_wpcf7_locale\" value=\"cs_CZ\" \/>\n<input type=\"hidden\" name=\"_wpcf7_unit_tag\" value=\"wpcf7-f14483-o1\" \/>\n<input type=\"hidden\" name=\"_wpcf7_container_post\" value=\"0\" \/>\n<input type=\"hidden\" name=\"_wpcf7_posted_data_hash\" value=\"\" \/>\n<input type=\"hidden\" name=\"_wpcf7_recaptcha_response\" value=\"\" \/>\n<\/div>\n<div class=\"row contact-form-prodotto\">\n<p>       <label> Produkty<br \/>\n        <span class=\"wpcf7-form-control-wrap prodotto\"><select name=\"prodotto\" class=\"wpcf7-form-control wpcf7-select customform\" aria-invalid=\"false\"><option value=\"SPR\u00c1VA PRODEJN\u00cdCH AGENT\u016e\">SPR\u00c1VA PRODEJN\u00cdCH AGENT\u016e<\/option><\/select><\/span> <\/label><\/p>\n<p>       <label> jm\u00e9no a p\u0159\u00edjmen\u00ed<br \/>\n       <span class=\"wpcf7-form-control-wrap nome-cognome\"><input type=\"text\" name=\"nome-cognome\" value=\"\" size=\"40\" class=\"wpcf7-form-control wpcf7-text wpcf7-validates-as-required customform\" aria-required=\"true\" aria-invalid=\"false\" \/><\/span> <\/label><\/p>\n<p>       <label> spole\u010dnost<br \/>\n       <span class=\"wpcf7-form-control-wrap azienda\"><input type=\"text\" name=\"azienda\" value=\"\" size=\"40\" class=\"wpcf7-form-control wpcf7-text wpcf7-validates-as-required customform\" aria-required=\"true\" aria-invalid=\"false\" \/><\/span> <\/label><\/p>\n<p>       <label> Job Title<br \/>\n       <span class=\"wpcf7-form-control-wrap professione\"><input type=\"text\" name=\"professione\" value=\"\" size=\"40\" class=\"wpcf7-form-control wpcf7-text wpcf7-validates-as-required customform\" aria-required=\"true\" aria-invalid=\"false\" \/><\/span> <\/label><\/p>\n<p>       <label> velkom\u011bsto<br \/>\n       <span class=\"wpcf7-form-control-wrap citta\"><input type=\"text\" name=\"citta\" value=\"\" size=\"40\" class=\"wpcf7-form-control wpcf7-text wpcf7-validates-as-required customform\" aria-required=\"true\" aria-invalid=\"false\" \/><\/span> <\/label><\/p>\n<p>       <label> Email<br \/>\n       <span class=\"wpcf7-form-control-wrap email\"><input type=\"email\" name=\"email\" value=\"\" size=\"40\" class=\"wpcf7-form-control wpcf7-text wpcf7-email wpcf7-validates-as-required wpcf7-validates-as-email customform\" aria-required=\"true\" aria-invalid=\"false\" \/><\/span> <\/label><\/p>\n<p>       <label> Telefon<br \/>\n       <span class=\"wpcf7-form-control-wrap telefono\"><input type=\"tel\" name=\"telefono\" value=\"\" size=\"40\" class=\"wpcf7-form-control wpcf7-text wpcf7-tel wpcf7-validates-as-required wpcf7-validates-as-tel customform\" aria-required=\"true\" aria-invalid=\"false\" \/><\/span> <\/label><\/p>\n<p>       <label> Note<br \/>\n       <span class=\"wpcf7-form-control-wrap messaggio\"><textarea name=\"messaggio\" cols=\"40\" rows=\"10\" class=\"wpcf7-form-control wpcf7-textarea wpcf7-validates-as-required customform\" aria-required=\"true\" aria-invalid=\"false\"><\/textarea><\/span> <\/label><\/p>\n<p>       <input type=\"submit\" value=\"Odeslat\" class=\"wpcf7-form-control wpcf7-submit customSubmit-agenti customSubmit-prodotto\" \/>\n<\/p><\/div>\n<input type=\"text\" name=\"flr7M\" value=\"\" style=\"display: none !important;\" \/><div class=\"fusion-alert alert custom alert-custom fusion-alert-center wpcf7-response-output fusion-alert-capitalize alert-dismissable\" style=\"border-width:1px;\"><button type=\"button\" class=\"close toggle-alert\" data-dismiss=\"alert\" aria-hidden=\"true\">&times;<\/button><div class=\"fusion-alert-content-wrapper\"><span class=\"fusion-alert-content\"><\/span><\/div><\/div><\/form><\/div><\/div><\/div><style type=\"text\/css\">.fusion-body .fusion-builder-column-1{width:50% !important;margin-top : 0px;margin-bottom : 20px;}.fusion-builder-column-1 > .fusion-column-wrapper {padding-top : 10px !important;padding-right : 30px !important;margin-right : 30px;padding-bottom : 10px !important;padding-left : 30px !important;margin-left : 30px;}@media only screen and (max-width:1024px) {.fusion-body .fusion-builder-column-1{width:100% !important;order : 0;}.fusion-builder-column-1 > .fusion-column-wrapper {margin-right : 1.92%;margin-left : 1.92%;}}@media only screen and (max-width:640px) {.fusion-body .fusion-builder-column-1{width:100% !important;order : 0;}.fusion-builder-column-1 > .fusion-column-wrapper {margin-right : 1.92%;margin-left : 1.92%;}}<\/style><\/div><style type=\"text\/css\">.fusion-body .fusion-flex-container.fusion-builder-row-1{ padding-top : 0px;margin-top : 0px;padding-right : 0px;padding-bottom : 0px;margin-bottom : 0px;padding-left : 0px;}<\/style><\/div><div class=\"fusion-fullwidth fullwidth-box fusion-builder-row-2 fusion-flex-container nonhundred-percent-fullwidth non-hundred-percent-height-scrolling\" style=\"background-color: rgba(255,255,255,0);background-position: center center;background-repeat: no-repeat;border-width: 0px 0px 0px 0px;border-color:#eae9e9;border-style:solid;\" ><div class=\"fusion-builder-row fusion-row fusion-flex-align-items-flex-start\" style=\"max-width:1216.8px;margin-left: calc(-4% \/ 2 );margin-right: calc(-4% \/ 2 );\"><div class=\"fusion-layout-column fusion_builder_column fusion-builder-column-2 fusion_builder_column_1_1 1_1 fusion-flex-column cosa-semplifica\"><div class=\"fusion-column-wrapper fusion-flex-justify-content-flex-start fusion-content-layout-column\" style=\"background-position:left top;background-repeat:no-repeat;-webkit-background-size:cover;-moz-background-size:cover;-o-background-size:cover;background-size:cover;padding: 0px 0px 0px 0px;\"><style type=\"text\/css\">@media only screen and (max-width:1024px) {.fusion-title.fusion-title-2{margin-top:0px!important;margin-bottom:30px!important;}}<\/style><div class=\"fusion-title title fusion-title-2 fusion-title-text fusion-title-size-one\" style=\"margin-top:0px;margin-bottom:30px;\"><div class=\"title-sep-container title-sep-container-left fusion-no-large-visibility fusion-no-medium-visibility fusion-no-small-visibility\"><div class=\"title-sep sep-\" style=\"border-color:#e0dede;\"><\/div><\/div><h1 class=\"title-heading-left\" style=\"margin:0;\">Jak\u00e9 v\u00fdhody v\u00e1m nab\u00edz\u00ed<\/h1><div class=\"title-sep-container title-sep-container-right\"><div class=\"title-sep sep-\" style=\"border-color:#e0dede;\"><\/div><\/div><\/div><div class=\"fusion-text fusion-text-2 m-bottom\"><ul class=\"ul-agenti\">\n<li>\u00a0 \u00a0 <strong>Evidence obchodn\u00edch z\u00e1stupc\u016f<\/strong><\/li>\n<\/ul>\n<p>Rozs\u00e1hl\u00fd a podrobn\u00fd eviden\u010dn\u00ed syst\u00e9m obchodn\u00edch z\u00e1stupc\u016f umo\u017e\u0148uje spr\u00e1vu ve\u0161ker\u00fdch da\u0148ov\u00fdch informac\u00ed, kter\u00e9 jsou pot\u0159ebn\u00e9 pro vystavov\u00e1n\u00ed faktur i v elektronick\u00e9m form\u00e1tu a pro spr\u00e1vn\u00fd v\u00fdpo\u010det odvod\u016f a p\u0159\u00edsp\u011bvk\u016f a z\u00e1lohov\u00fdch sr\u00e1\u017eek. Prost\u0159ednictv\u00edm jedin\u00e9ho rozhran\u00ed je mo\u017en\u00e9 spravovat ve\u0161ker\u00e9 aktu\u00e1ln\u00ed informace i historick\u00e9 z\u00e1znamy a m\u00edt tak pln\u011b pod kontrolou pln\u011bn\u00ed (nap\u0159. zm\u011bna pov\u011b\u0159en\u00ed obchodn\u00edho z\u00e1stupce) a pr\u016fb\u011b\u017en\u011b aktualizovan\u00fd archiv informac\u00ed.<\/p>\n<\/div><div class=\"fusion-text fusion-text-3 m-bottom\"><ul class=\"ul-agenti\">\n<li>\u00a0 \u00a0 <strong>V\u00fdpo\u010det a kontrola proviz\u00ed<\/strong><\/li>\n<\/ul>\n<p>V p\u0159\u00edpad\u011b ji\u017e vypo\u010d\u00edtan\u00fdch proviz\u00ed je mo\u017en\u00e9 jejich zaveden\u00ed do syst\u00e9mu a n\u00e1sledn\u00e1 spr\u00e1va v\u00fdpo\u010dt\u016f a \u00fahrad povinn\u00fdch odvod\u016f. Do syst\u00e9mu je tak\u00e9 mo\u017en\u00e9 zadat \u00fadaje o realizovan\u00fdch obchodech (objedn\u00e1vky, faktury, p\u0159ijat\u00e9 platby apod.), z nich\u017e se provize vypo\u010dtou na z\u00e1klad\u011b pravidel ur\u010den\u00fdch pov\u011b\u0159uj\u00edc\u00ed firmou. Provedou se p\u0159itom ve\u0161ker\u00e9 kontroly spr\u00e1vnosti a souvislost\u00ed ve f\u00e1zi importu a v\u00fdpo\u010dtu a n\u00e1sledn\u011b budou spravov\u00e1ny p\u0159\u00edslu\u0161n\u00e9 odvody.<br \/>\nIntuitivn\u00ed a u\u017eivatelsky p\u0159\u00edv\u011btiv\u00e9 rozhran\u00ed pom\u00e1h\u00e1 vkl\u00e1dat a m\u011bnit pravidla v\u00fdpo\u010dtu odm\u011bn pro jednotliv\u00e9 z\u00e1stupce nebo jejich skupiny na z\u00e1klad\u011b princip\u016f zvolen\u00fdch pov\u011b\u0159uj\u00edc\u00ed firmou. Prost\u0159ednictv\u00edm tisk\u016f a report\u016f je mo\u017en\u00e9 kdykoliv zobrazit pravidla nastaven\u00e1 pro ka\u017ed\u00e9ho jednotliv\u00e9ho obchodn\u00edho z\u00e1stupce.<br \/>\nP\u0159ed f\u00e1z\u00ed kone\u010dn\u00e9ho zpracov\u00e1n\u00ed m\u00e1 u\u017eivatel mo\u017enost vyu\u017e\u00edt report\u016f a n\u00e1hled\u016f, kter\u00e9 zjednodu\u0161\u00ed a zefektivn\u00ed kontrolu v\u00fdsledk\u016f zadan\u00fdch v\u00fdpo\u010dt\u016f na \u00farovni jednotliv\u00fdch polo\u017eek objedn\u00e1vek\/faktur.<\/p>\n<\/div><div class=\"fusion-text fusion-text-4 m-bottom\"><ul class=\"ul-agenti\">\n<li>\u00a0 \u00a0 <b>Vystavov\u00e1n\u00ed faktur pro konkr\u00e9tn\u00ed z\u00e1stupce<\/b><\/li>\n<\/ul>\n<p>Vypo\u010d\u00edtan\u00e9, importovan\u00e9 nebo ru\u010dn\u011b zadan\u00e9 provize mohou b\u00fdt jednodu\u0161e vlo\u017eeny do p\u0159\u00edslu\u0161n\u00e9ho formul\u00e1\u0159e.<\/p>\n<p>Vznikne tak proforma faktura k odesl\u00e1n\u00ed obchodn\u00edmu z\u00e1stupci nebo skute\u010dn\u00e1 fin\u00e1ln\u00ed faktura vystaven\u00e1 na jm\u00e9no a v zastoupen\u00ed dan\u00e9ho obchodn\u00edho z\u00e1stupce, kter\u00fd tak nebude muset ud\u011blat nic jin\u00e9ho ne\u017e fakturu potvrdit. Program umo\u017e\u0148uje vystaven\u00ed elektronick\u00e9 faktury, kter\u00e1 bude zp\u0159\u00edstupn\u011bna obchodn\u00edmu z\u00e1stupci nebo bude p\u0159\u00edmo zasl\u00e1na odb\u011brateli, pokud je rozes\u00edl\u00e1n\u00ed faktur \u00fakolem spole\u010dnosti.<\/p>\n<p>P\u0159\u00edmo k faktu\u0159e nebo prost\u0159ednictv\u00edm Port\u00e1lu obchodn\u00edch z\u00e1stupc\u016f je mo\u017en\u00e9 p\u0159ilo\u017eit v\u00fdpis z \u00fa\u010dtu s detailn\u00edm v\u00fdpo\u010dtem proviz\u00ed (pokud jsou zad\u00e1ny do syst\u00e9mu).<\/p>\n<\/div><div class=\"fusion-text fusion-text-5 m-bottom\"><ul class=\"ul-agenti\">\n<li>\u00a0 \u00a0 <strong>Ro\u010dn\u00ed v\u00fdkazy a osv\u011bd\u010den\u00ed<\/strong><\/li>\n<\/ul>\n<p>Je mo\u017en\u00e9 vytisknout v\u00fdkazy o zaplacen\u00fdch p\u0159\u00edsp\u011bvc\u00edch a odvodech, kter\u00e9 mohou b\u00fdt vystaveny na konkr\u00e9tn\u00ed osobu a zasl\u00e1ny pak prost\u0159ednictv\u00edm datov\u00e9 schr\u00e1nky nebo zp\u0159\u00edstupn\u011bny prost\u0159ednictv\u00edm Port\u00e1lu obchodn\u00edch z\u00e1stupc\u016f.<\/p>\n<p>Prost\u0159ednictv\u00edm formul\u00e1\u0159e plateb je mo\u017en\u00e9 vygenerovat soubory pot\u0159ebn\u00e9 k automatick\u00e9mu vypln\u011bn\u00ed da\u0148ov\u00e9ho p\u0159izn\u00e1n\u00ed s uveden\u00edm da\u0148ov\u00fdch sr\u00e1\u017eek.<\/p>\n<\/div><div class=\"fusion-text fusion-text-6 m-bottom\"><ul class=\"ul-agenti\">\n<li>\u00a0 \u00a0 <b>Zpracov\u00e1n\u00ed v\u00fdkazu pgd<\/b><\/li>\n<\/ul>\n<p>Pro velk\u00e9 podniky, kter\u00e9 maj\u00ed v\u00edce ne\u017e 100 obchodn\u00edch z\u00e1stupc\u016f, je mo\u017en\u00e9 vygenerovat soubor, kter\u00fd bude v t\u0159\u00edm\u011bs\u00ed\u010dn\u00edch intervalech p\u0159edkl\u00e1d\u00e1n kompetentn\u00edm instituc\u00edm. Podobn\u00e1 mo\u017enost existuje i u dal\u0161\u00edch povinn\u00fdch v\u00fdkaz\u016f s ro\u010dn\u00edm intervalem p\u0159edkl\u00e1d\u00e1n\u00ed. Program nab\u00edz\u00ed mo\u017enost vygenerov\u00e1n\u00ed podrobn\u00fdch report\u016f, kter\u00e9 umo\u017e\u0148uj\u00ed p\u0159esnou kontrolu \u00fadaj\u016f, na jejich\u017e z\u00e1klad\u011b jsou odvody po\u010d\u00edt\u00e1ny.<\/p>\n<\/div><div class=\"fusion-text fusion-text-7 m-bottom\"><ul class=\"ul-agenti\">\n<li>\u00a0 \u00a0 <b>Odstupn\u00e9 p\u0159I ukon\u010den\u00ed pracovn\u00edho pom\u011bru<\/b><\/li>\n<\/ul>\n<p>K dispozici je rovn\u011b\u017e funkce simulace a n\u00e1sledn\u00e9ho potvrzen\u00ed v\u00fdpo\u010dtu celkov\u00e9 v\u00fd\u0161e odstupn\u00e9ho p\u0159i ukon\u010den\u00ed pracovn\u00edho pom\u011bru pro v\u0161echny obchodn\u00ed agenty, tj.:<\/p>\n<p>Odstupn\u00e9 p\u0159i ukon\u010den\u00ed pracovn\u00ed smlouvy<br \/>\nRezervn\u00ed fond na odstupn\u00e9 p\u0159i ukon\u010den\u00ed pracovn\u00edho pom\u011bru<br \/>\nNedodr\u017een\u00ed v\u00fdpov\u011bdn\u00ed doby<br \/>\nV\u00fdslu\u017en\u00e9<\/p>\n<\/div><div class=\"fusion-text fusion-text-8 m-bottom\"><ul class=\"ul-agenti\">\n<li>\u00a0 \u00a0 <b>Statistick\u00e9 anal\u00fdzy a reporty<\/b><\/li>\n<\/ul>\n<p>Syst\u00e9m generuje standardizovan\u00e9 reporty, kter\u00e9 umo\u017e\u0148uj\u00ed komplexn\u00ed anal\u00fdzy r\u016fzn\u00fdch z\u00e1jmov\u00fdch oblast\u00ed a specifick\u00e9 anal\u00fdzy pro jednotliv\u00e9 z\u00e1stupce zobrazuj\u00edc\u00ed v\u00fd\u0161i proviz\u00ed, p\u0159\u00edsp\u011bvk\u016f na soci\u00e1ln\u00ed zabezpe\u010den\u00ed, da\u0148ov\u00e9 sr\u00e1\u017eky, DPH a dal\u0161\u00ed polo\u017eky.<\/p>\n<p>Jsme schopni rovn\u011b\u017e vygenerovat personalizovan\u00e9 reporty podle po\u017eadavk\u016f klienta.<\/p>\n<\/div><div class=\"fusion-text fusion-text-9 m-bottom\"><ul class=\"ul-agenti\">\n<li>\u00a0 \u00a0 <b>Prov\u00e1zanost s \u00fa\u010detn\u00edmi syst\u00e9my<\/b><\/li>\n<\/ul>\n<p>Syst\u00e9m umo\u017e\u0148uje export zadan\u00fdch dat do \u00fa\u010detnictv\u00ed firmy, p\u0159i\u010dem\u017e lze pro export pou\u017e\u00edt n\u00e1\u0161 standardn\u00ed postup nebo p\u0159izp\u016fsobit p\u0159enos podle c\u00edlov\u00e9ho softwaru.<\/p>\n<\/div><div class=\"fusion-text fusion-text-10 m-bottom\"><ul class=\"ul-agenti\">\n<li>\u00a0 \u00a0 <b>Port\u00e1l pro obchodn\u00ed z\u00e1stupce<\/b><\/li>\n<\/ul>\n<p>Platforma zprost\u0159edkov\u00e1v\u00e1 spr\u00e1vu komunikac\u00ed, umo\u017e\u0148uje sd\u00edlen\u00ed dokument\u016f a informac\u00ed mezi firmou a jej\u00edmi obchodn\u00edmi z\u00e1stupci, to v\u0161e rychle a intuitivn\u011b. Aplikace je dostupn\u00e1 i v mobiln\u00ed verzi.<\/p>\n<p>Prost\u0159ednictv\u00edm port\u00e1lu m\u016f\u017ee firma sd\u00edlet s obchodn\u00edm z\u00e1stupcem fakturu a p\u0159\u00edslu\u0161nou specifikaci, r\u016fzn\u00e9 \u00fa\u010detn\u00ed v\u00fdkazy a potvrzen\u00ed pro da\u0148ov\u00e9 \u00fa\u010dely, jeho person\u00e1ln\u00ed slo\u017eku nebo jak\u00fdkoliv jin\u00fd extern\u00ed dokument prost\u0159ednictv\u00edm jednoduch\u00e9ho vlo\u017een\u00ed v re\u017eimu jen pro \u010dten\u00ed nebo s mo\u017enost\u00ed vkl\u00e1dat do dokumentu specifick\u00e1 data.<\/p>\n<p>Syst\u00e9m mimo jin\u00e9 umo\u017en\u0148uje, aby byli obchodn\u00ed z\u00e1stupci pracuj\u00edc\u00ed pro v\u00edce firem opr\u00e1vn\u011bni vlo\u017eit nebo potrvdit \u010d\u00edslo faktury. Prost\u0159ednictv\u00edm port\u00e1lu je mo\u017en\u00e9 sd\u00edlet faktury ve form\u00e1tu PDF s p\u0159ilo\u017een\u00fdm v\u00fdkazem nebo elektronick\u00e9 faktury ve form\u00e1tu XML.<\/p>\n<\/div><div class=\"fusion-text fusion-text-11 m-bottom\"><ul class=\"ul-agenti\">\n<li>\u00a0 \u00a0 <b>Elektronick\u00e1 fakturace<\/b><\/li>\n<\/ul>\n<p>V souladu s platn\u00fdmi z\u00e1konn\u00fdmi sm\u011brnicemi je mo\u017en\u00e9 vygenerovat elektronickou fakturu, kterou lze sd\u00edlet nebo zaslat obchodn\u00edmu z\u00e1stupci.<\/p>\n<p>Firma m\u016f\u017ee zaslat soubor ve form\u00e1tu XML prost\u0159ednictv\u00edm komunika\u010dn\u00edch kan\u00e1l\u016f poskytnut\u00fdch jej\u00edm providerem.<\/p>\n<\/div><\/div><\/div><style type=\"text\/css\">.fusion-body .fusion-builder-column-2{width:100% !important;margin-top : 0px;margin-bottom : 20px;}.fusion-builder-column-2 > .fusion-column-wrapper {padding-top : 0px !important;padding-right : 0px !important;margin-right : 4.8%;padding-bottom : 0px !important;padding-left : 0px !important;margin-left : 9.6%;}@media only screen and (max-width:1024px) {.fusion-body .fusion-builder-column-2{width:100% !important;order : 0;}.fusion-builder-column-2 > .fusion-column-wrapper {margin-right : 1.92%;margin-left : 1.92%;}}@media only screen and (max-width:640px) {.fusion-body .fusion-builder-column-2{width:100% !important;order : 0;}.fusion-builder-column-2 > .fusion-column-wrapper {margin-right : 1.92%;margin-left : 1.92%;}}<\/style><div class=\"fusion-layout-column fusion_builder_column fusion-builder-column-3 fusion_builder_column_1_2 1_2 fusion-flex-column\"><div class=\"fusion-column-wrapper fusion-flex-justify-content-flex-start fusion-content-layout-column\" style=\"background-position:left top;background-repeat:no-repeat;-webkit-background-size:cover;-moz-background-size:cover;-o-background-size:cover;background-size:cover;padding: 0px 0px 0px 0px;\"><\/div><\/div><style type=\"text\/css\">.fusion-body .fusion-builder-column-3{width:50% !important;margin-top : 0px;margin-bottom : 20px;}.fusion-builder-column-3 > .fusion-column-wrapper {padding-top : 0px !important;padding-right : 0px !important;margin-right : 3.84%;padding-bottom : 0px !important;padding-left : 0px !important;margin-left : 3.84%;}@media only screen and (max-width:1024px) {.fusion-body .fusion-builder-column-3{width:100% !important;order : 0;}.fusion-builder-column-3 > .fusion-column-wrapper {margin-right : 1.92%;margin-left : 1.92%;}}@media only screen and (max-width:640px) {.fusion-body .fusion-builder-column-3{width:100% !important;order : 0;}.fusion-builder-column-3 > .fusion-column-wrapper {margin-right : 1.92%;margin-left : 1.92%;}}<\/style><\/div><style type=\"text\/css\">.fusion-body .fusion-flex-container.fusion-builder-row-2{ padding-top : 0px;margin-top : 0px;padding-right : 0px;padding-bottom : 0px;margin-bottom : 0px;padding-left : 0px;}<\/style><\/div><\/p>\n","protected":false},"excerpt":{"rendered":"","protected":false},"author":1,"featured_media":0,"parent":0,"menu_order":0,"comment_status":"closed","ping_status":"closed","template":"","meta":[],"_links":{"self":[{"href":"https:\/\/www.nilobit.com\/cs\/wp-json\/wp\/v2\/pages\/15207"}],"collection":[{"href":"https:\/\/www.nilobit.com\/cs\/wp-json\/wp\/v2\/pages"}],"about":[{"href":"https:\/\/www.nilobit.com\/cs\/wp-json\/wp\/v2\/types\/page"}],"author":[{"embeddable":true,"href":"https:\/\/www.nilobit.com\/cs\/wp-json\/wp\/v2\/users\/1"}],"replies":[{"embeddable":true,"href":"https:\/\/www.nilobit.com\/cs\/wp-json\/wp\/v2\/comments?post=15207"}],"version-history":[{"count":2,"href":"https:\/\/www.nilobit.com\/cs\/wp-json\/wp\/v2\/pages\/15207\/revisions"}],"predecessor-version":[{"id":15208,"href":"https:\/\/www.nilobit.com\/cs\/wp-json\/wp\/v2\/pages\/15207\/revisions\/15208"}],"wp:attachment":[{"href":"https:\/\/www.nilobit.com\/cs\/wp-json\/wp\/v2\/media?parent=15207"}],"curies":[{"name":"wp","href":"https:\/\/api.w.org\/{rel}","templated":true}]}}